{"id":190,"date":"2023-10-04T01:40:12","date_gmt":"2023-10-04T01:40:12","guid":{"rendered":"https:\/\/faedukerfi.hi.is\/?page_id=190"},"modified":"2024-12-09T15:10:48","modified_gmt":"2024-12-09T15:10:48","slug":"um-verkefnid","status":"publish","type":"page","link":"https:\/\/faedukerfi.hi.is\/en\/um-verkefnid\/","title":{"rendered":"About the project"},"content":{"rendered":"<div data-elementor-type=\"wp-page\" data-elementor-id=\"190\" class=\"elementor elementor-190\" data-elementor-post-type=\"page\">\n\t\t\t\t<div class=\"elementor-element elementor-element-4c286a3 e-con-full e-flex e-con e-parent\" data-id=\"4c286a3\" data-element_type=\"container\" data-e-type=\"container\">\n\t\t<div class=\"elementor-element elementor-element-fbb6df2 e-con-full e-flex e-con e-child\" data-id=\"fbb6df2\" data-element_type=\"container\" data-e-type=\"container\">\n\t\t\t\t<div class=\"elementor-element elementor-element-e799c96 elementor-widget elementor-widget-text-editor\" data-id=\"e799c96\" data-element_type=\"widget\" data-e-type=\"widget\" data-widget_type=\"text-editor.default\">\n\t\t\t\t<div class=\"elementor-widget-container\">\n\t\t\t\t\t\t\t\t\tDelicious food (Lj\u00faffengur matur) is a collection site for facts, policy and good ideas related to sustainable food systems in Iceland and around the world. The material comes from various sources, but the recent food policies for Iceland, the United Nations' Global Goals and the Paris Agreement are used as basis for the selection of material. Food security, nutrition, environmental issues, culture, justice, finances and health are undertones that can be heard widely on the pages, but food is connected to all UN Development Goals in one way or another.\u00a0\t\t\t\t\t\t\t\t<\/div>\n\t\t\t\t<\/div>\n\t\t\t\t<div class=\"elementor-element elementor-element-be00879 elementor-widget elementor-widget-image\" data-id=\"be00879\" data-element_type=\"widget\" data-e-type=\"widget\" data-widget_type=\"image.default\">\n\t\t\t\t<div class=\"elementor-widget-container\">\n\t\t\t\t\t\t\t\t\t\t\t\t\t\t\t<img fetchpriority=\"high\" decoding=\"async\" width=\"800\" height=\"535\" src=\"https:\/\/faedukerfi.hi.is\/wp-content\/uploads\/2024\/11\/Grassroot01_B_Veggies.jpg\" class=\"attachment-large size-large wp-image-923\" alt=\"\" srcset=\"https:\/\/faedukerfi.hi.is\/wp-content\/uploads\/2024\/11\/Grassroot01_B_Veggies.jpg 1000w, https:\/\/faedukerfi.hi.is\/wp-content\/uploads\/2024\/11\/Grassroot01_B_Veggies-300x201.jpg 300w, https:\/\/faedukerfi.hi.is\/wp-content\/uploads\/2024\/11\/Grassroot01_B_Veggies-768x514.jpg 768w\" sizes=\"(max-width: 800px) 100vw, 800px\" \/>\t\t\t\t\t\t\t\t\t\t\t\t\t\t\t<\/div>\n\t\t\t\t<\/div>\n\t\t\t\t<div class=\"elementor-element elementor-element-1c52e4b elementor-widget elementor-widget-text-editor\" data-id=\"1c52e4b\" data-element_type=\"widget\" data-e-type=\"widget\" data-widget_type=\"text-editor.default\">\n\t\t\t\t<div class=\"elementor-widget-container\">\n\t\t\t\t\t\t\t\t\tImage from the project of Au\u00f0ur Inez Sellgren \u2013 The Icelandic Apple\t\t\t\t\t\t\t\t<\/div>\n\t\t\t\t<\/div>\n\t\t\t\t<div class=\"elementor-element elementor-element-2db9230 elementor-widget elementor-widget-text-editor\" data-id=\"2db9230\" data-element_type=\"widget\" data-e-type=\"widget\" data-widget_type=\"text-editor.default\">\n\t\t\t\t<div class=\"elementor-widget-container\">\n\t\t\t\t\t\t\t\t\t<p>The project is supported by the <a href=\"https:\/\/www.rannis.is\/sjodir\/rannsoknir\/loftslagssjodur\/\" target=\"_blank\" rel=\"noopener noreferrer nofollow\">Icelandic Climate Fund<\/a>.\u00a0<\/p>\t\t\t\t\t\t\t\t<\/div>\n\t\t\t\t<\/div>\n\t\t\t\t<\/div>\n\t\t\t\t<\/div>\n\t\t\t\t<\/div>","protected":false},"excerpt":{"rendered":"<p>Lj\u00faffengur matur er safns\u00ed\u00f0a fyrir sta\u00f0reyndir, stefnum\u00f3tun og g\u00f3\u00f0ar hugmyndir tengdar sj\u00e1lfb\u00e6rum f\u00e6\u00f0ukerfum \u00e1 \u00cdslandi og \u00ed heiminum \u00f6llum. Efni\u00f0 er \u00far \u00fdmsum \u00e1ttum en n\u00fdlegar matv\u00e6lastefnur fyrir \u00cdsland, Heimsmarkmi\u00f0 sameinu\u00f0u \u00fej\u00f3\u00f0anna og Par\u00edsars\u00e1ttm\u00e1linn eru lag\u00f0ir til grunndvallar vi\u00f0 val \u00e1 efni. F\u00e6\u00f0u\u00f6ryggi, n\u00e6ring, umhverfism\u00e1l, menning, r\u00e9ttl\u00e6ti, fj\u00e1rhagur og heilsa eru undirt\u00f3nar sem heyrast v\u00ed\u00f0a [&hellip;]<\/p>\n","protected":false},"author":2,"featured_media":0,"parent":0,"menu_order":0,"comment_status":"closed","ping_status":"closed","template":"","meta":{"iawp_total_views":64,"footnotes":""},"class_list":["post-190","page","type-page","status-publish","hentry"],"_links":{"self":[{"href":"https:\/\/faedukerfi.hi.is\/en\/wp-json\/wp\/v2\/pages\/190","targetHints":{"allow":["GET"]}}],"collection":[{"href":"https:\/\/faedukerfi.hi.is\/en\/wp-json\/wp\/v2\/pages"}],"about":[{"href":"https:\/\/faedukerfi.hi.is\/en\/wp-json\/wp\/v2\/types\/page"}],"author":[{"embeddable":true,"href":"https:\/\/faedukerfi.hi.is\/en\/wp-json\/wp\/v2\/users\/2"}],"replies":[{"embeddable":true,"href":"https:\/\/faedukerfi.hi.is\/en\/wp-json\/wp\/v2\/comments?post=190"}],"version-history":[{"count":91,"href":"https:\/\/faedukerfi.hi.is\/en\/wp-json\/wp\/v2\/pages\/190\/revisions"}],"predecessor-version":[{"id":1246,"href":"https:\/\/faedukerfi.hi.is\/en\/wp-json\/wp\/v2\/pages\/190\/revisions\/1246"}],"wp:attachment":[{"href":"https:\/\/faedukerfi.hi.is\/en\/wp-json\/wp\/v2\/media?parent=190"}],"curies":[{"name":"wp","href":"https:\/\/api.w.org\/{rel}","templated":true}]}}